{"id":1742,"date":"2022-07-15T05:45:27","date_gmt":"2022-07-15T05:45:27","guid":{"rendered":"https:\/\/marger.lt\/tite-page\/"},"modified":"2022-10-05T13:51:35","modified_gmt":"2022-10-05T13:51:35","slug":"tite-page","status":"publish","type":"page","link":"https:\/\/marger.lt\/en\/","title":{"rendered":"Title page"},"content":{"rendered":"\n<div class=\"preload\">\n  <img decoding=\"async\" src=\"https:\/\/marger.lt\/wp-content\/uploads\/2022\/09\/hero-2-scaled.jpg\" \/>\n<\/div>\n\n<style>\n  .preload {display: none}\n  <\/style>\n\n<div class=\"header flx full-height\" style=\"\">\n  \n      <div class=\"mask\">\n      <div class=\"test\"><\/div>\n      <div class=\"test\"><\/div>\n      <div class=\"test\"><\/div>\n      <div class=\"test\"><\/div>\n      <div class=\"test\"><\/div>\n      <div class=\"test\"><\/div>\n      <div class=\"test\"><\/div>\n      <div class=\"test\"><\/div>\n    <\/div>\n    <div class=\"bg-img gs_reveal\" style=\"background-image: url(https:\/\/marger.lt\/wp-content\/uploads\/2022\/09\/hero-2-scaled.jpg)\"><\/div>\n  \n      <div class=\"backdrop\" style=\"background-color:#000000; opacity: 30%\"><\/div>\n  \n    \n  <div class=\"inner pContent\">\n    \n    <div class=\"subtitle gs_reveal\" style=\"\">Marger Law Firm<\/div>\n    <h1 class=\"desktop\"><div><em>LEADERS OF<\/em><\/div>\n<div><strong>LEGAL STRATEGIES<\/strong><\/div>\n<\/h1><h1 class=\"mob\"><div><em>LEADERS OF<\/em><\/div>\n<div><strong>LEGAL <\/strong><\/div>\n<div><strong>STRATEGIES<\/strong><\/div>\n<\/h1>    \n        <div class=\"header-menu\">\n                      <a href=\"https:\/\/marger.lt\/en\/#services\" class=\"underline-reverse white smooth\">Private Law<\/a>\n                      <a href=\"https:\/\/marger.lt\/en\/service\/dispute-resolution-representation-in-court-and-arbitration\/\" class=\"underline-reverse white smooth\">Dispute Resolution<\/a>\n                      <a href=\"https:\/\/marger.lt\/en\/#services\" class=\"underline-reverse white smooth\">Public Law<\/a>\n          <\/div>\n    \n  <\/div>\n\n    <div class=\"button-down gs_reveal\">\n    <a class=\"more circleEfx\"><\/a>\n  <\/div>\n  \n<\/div>\n\n\n\n\n<div class=\"about-text flx\">\n  <div class=\"container\">\n    <div class=\"child gs_reveal flx\">\n      <div class=\"section-title\">\n  <div class=\"title\" style=\"\">About Us<\/div> <h2><div><b>Victory <\/b><em>requires <\/em><b>strategy, <\/b><\/div>\n<div><em>and a sound strategy requires <\/em><b>experience. <\/b><em>Our works speak <\/em><\/div>\n<div><b>for themselves.<\/b><\/div>\n<\/h2><\/div>    <\/div>\n    <div class=\"child gs_reveal\">\n      <div class=\"less-text\"><p>Having long-term experience in the market and a wide range of legal services, we aim for lasting solutions that help our clients operate successfully rather than one-day results.<\/p>\n<p>This is how we understand professionalism and our professional responsibility. The complete trust of our customers is paramount for us. Therefore, we work in a way that makes you feel confident with your choice.<\/p>\n<\/div>          <\/div>\n  <\/div>\n<\/div>\n\n\n\n\n<div class=\"columns-block flx\">\n  <div class=\"child\"><img decoding=\"async\" src=\"https:\/\/marger.lt\/wp-content\/uploads\/2022\/09\/kontaktai-1024x574.jpg\" style=\"object-position:65%\"><\/div>\n      <div class=\"child flx active\">\n    <div class=\"content\">\n      <h3>A team of 25+ experts<\/h3>\n      <div class=\"text\" style=\"display: block;\"><p>We have legal professionals of more than 20 different specializations working in our office. Teamwork enables us to turn your legal challenges into solutions.<\/p>\n<\/div>\n    <\/div>\n    <div class=\"line\"><\/div>\n    <div class=\"bottom flx\">\n            <a href=\"\/en\/team\/\" class=\"button\"><span>Meet our team<\/span><\/a>\n          <a class=\"more circleEfx\"><\/a>\n    <\/div>\n  <\/div>\n      <div class=\"child flx\">\n    <div class=\"content\">\n      <h3>Tradition of <br> excellence<\/h3>\n      <div class=\"text\" style=\"\"><p>Marger Law Firm experts have accumulated more than 30 years of professional experience working in the office and courts. Long-term practice and knowledge of the legal system allow us to offer our clients the most suitable legal solutions.<\/p>\n<\/div>\n    <\/div>\n    <div class=\"line\"><\/div>\n    <div class=\"bottom flx\">\n            <a href=\"\/en\/services\/\" class=\"button\"><span>Services<\/span><\/a>\n          <a class=\"more circleEfx\"><\/a>\n    <\/div>\n  <\/div>\n      <div class=\"child flx\">\n    <div class=\"content\">\n      <h3>The highest level of <br> expertise<\/h3>\n      <div class=\"text\" style=\"\"><p>Solid legal knowledge and years of litigation experience create successful results. Therefore, we do not rely on promises but base our work on a rational strategy.<\/p>\n<\/div>\n    <\/div>\n    <div class=\"line\"><\/div>\n    <div class=\"bottom flx\">\n            <a href=\"\/en\/about-us\/\" class=\"button\"><span>About Us<\/span><\/a>\n          <a class=\"more circleEfx\"><\/a>\n    <\/div>\n  <\/div>\n      <div class=\"child flx\">\n    <div class=\"content\">\n      <h3>Reliability and clear communication<\/h3>\n      <div class=\"text\" style=\"\"><p>Our priority is to fulfill the client&#8217;s goals and expectations. We build mutual trust through consistent work, open communication, and feasible forecasts.<\/p>\n<\/div>\n    <\/div>\n    <div class=\"line\"><\/div>\n    <div class=\"bottom flx\">\n            <a href=\"\/en\/services\/\" class=\"button\"><span>Services<\/span><\/a>\n          <a class=\"more circleEfx\"><\/a>\n    <\/div>\n  <\/div>\n  <\/div>\n\n\n\n<div class=\"preload\">\n  <img decoding=\"async\" src=\"https:\/\/marger.lt\/wp-content\/uploads\/2022\/07\/ben-rosett-WdJkXFQ4VHY-unsplash-scaled.jpg\" \/>\n<\/div>\n\n<style>\n  .preload {display: none}\n  <\/style>\n\n<div class=\"header flx\" style=\"\">\n  \n      <div class=\"mask\">\n      <div class=\"test\"><\/div>\n      <div class=\"test\"><\/div>\n      <div class=\"test\"><\/div>\n      <div class=\"test\"><\/div>\n      <div class=\"test\"><\/div>\n      <div class=\"test\"><\/div>\n      <div class=\"test\"><\/div>\n      <div class=\"test\"><\/div>\n    <\/div>\n    <div class=\"bg-img gs_reveal\" style=\"background-image: url(https:\/\/marger.lt\/wp-content\/uploads\/2022\/07\/ben-rosett-WdJkXFQ4VHY-unsplash-scaled.jpg)\"><\/div>\n  \n      <div class=\"backdrop\" style=\"background-color:#000000; opacity: 40%\"><\/div>\n  \n    \n  <div class=\"inner pContent\">\n    \n    <div class=\"subtitle gs_reveal\" style=\"\">Services<\/div>\n    <h2><div><i>We have the<\/i> <b>courage<\/b><\/div>\n<div><i>to pursue <\/i><b>victories<\/b><\/div>\n<\/h2>    \n    \n  <\/div>\n\n  \n<\/div>\n\n\n\n\n\n  <style>\n    @media screen and (min-width: 800px) {\n      .services .table ul.right-menu.links-listing > li:not(.news-team):hover a {\n        color: #ce6c3b      }\n      .services .table ul.right-menu > li:hover:after {\n        border-color: #ce6c3b;\n        background-image: url(\"data:image\/svg+xml,%0A%3Csvg xmlns='http:\/\/www.w3.org\/2000\/svg' viewBox='0 0 27.7 19.3'%3E%3Cg transform='matrix(-1 0 0 -1 18.876 26.583)'%3E%3Cpath d='M18.3,16.8H-7.1' fill='none' stroke='%23ce6c3b'\/%3E%3Cpath d='M2 25.4l-.8.8-9.4-9.4 9.4-9.4.8.7-8 8v1.2h0l8 8.1z' fill='%23ce6c3b'\/%3E%3C\/g%3E%3C\/svg%3E\");\n      }\n    }\n  <\/style>\n\n<div id=\"services\" class=\"services\" style=\"background-color:#ce6c3b;\">\n  <div class=\"container\">\n    <div class=\"table flx\">\n\n      <div class=\"child\">\n                <a class=\"button mob placeholder\"><span>Public Law<\/span><\/a>\n        <ul class=\"side-menu\">\n          <li class=\"active\" rel=\"1\"><a href=\"https:\/\/marger.lt\/en\/services\/private-law\/\" class=\"underline black\">Private Law<\/a><\/li><li class=\"\" rel=\"2\"><a href=\"https:\/\/marger.lt\/en\/services\/public-law\/\" class=\"underline black\">Public Law<\/a><\/li>\n        <\/ul>\n      <\/div>\n\n      <div class=\"child\">\n        \n        <ul class=\"right-menu links-listing active\" rel=\"1\">\n          \n          <li><a href=\"https:\/\/marger.lt\/en\/service\/dispute-resolution-representation-in-court-and-arbitration\/\">Dispute Resolution, Representation in Court, and Arbitration<\/a><\/li>\n\n          \n          <li><a href=\"https:\/\/marger.lt\/en\/service\/insolvency-bankruptcy-restructuring\/\">Insolvency, Bankruptcy, Restructuring<\/a><\/li>\n\n          \n          <li><a href=\"https:\/\/marger.lt\/en\/service\/corporate-law-mergers-and-acquisitions-commercial-contracts\/\">Corporate Law, Mergers and Acquisitions, Commercial Contracts<\/a><\/li>\n\n          \n          <li><a href=\"https:\/\/marger.lt\/en\/service\/labor-law\/\">Labor Law<\/a><\/li>\n\n          \n          <li><a href=\"https:\/\/marger.lt\/en\/service\/family-and-inheritance-law\/\">Family and Inheritance Law<\/a><\/li>\n\n          \n          <li><a href=\"https:\/\/marger.lt\/en\/service\/intellectual-property-law\/\">Intellectual Property Law<\/a><\/li>\n\n          \n          <li><a href=\"https:\/\/marger.lt\/en\/service\/insurance-law\/\">Insurance Law<\/a><\/li>\n\n          \n          <li><a href=\"https:\/\/marger.lt\/en\/service\/transportation-law\/\">Transportation Law<\/a><\/li>\n\n          \n        <\/ul>\n        \n        <ul class=\"right-menu links-listing\" rel=\"2\">\n          \n          <li><a href=\"https:\/\/marger.lt\/en\/service\/dispute-resolution-representation-in-court-and-arbitration\/\">Dispute Resolution, Representation in Court, and Arbitration<\/a><\/li>\n\n          \n          <li><a href=\"https:\/\/marger.lt\/en\/service\/criminal-law-and-administrative-offenses\/\">Criminal Law and Administrative Offenses<\/a><\/li>\n\n          \n          <li><a href=\"https:\/\/marger.lt\/en\/service\/tax-law\/\">Tax Law<\/a><\/li>\n\n          \n          <li><a href=\"https:\/\/marger.lt\/en\/service\/civil-service-law\/\">Civil Service Law<\/a><\/li>\n\n          \n          <li><a href=\"https:\/\/marger.lt\/en\/service\/construction-law-territorial-planning\/\">Construction Law, Territorial Planning<\/a><\/li>\n\n          \n          <li><a href=\"https:\/\/marger.lt\/en\/service\/public-procurement-law\/\">Public Procurement Law<\/a><\/li>\n\n          \n          <li><a href=\"https:\/\/marger.lt\/en\/service\/energy-law\/\">Energy Law<\/a><\/li>\n\n          \n          <li><a href=\"https:\/\/marger.lt\/en\/service\/competition-law\/\">Competition Law<\/a><\/li>\n\n          \n          <li><a href=\"https:\/\/marger.lt\/en\/service\/data-protection\/\">Data Protection<\/a><\/li>\n\n          \n          <li><a href=\"https:\/\/marger.lt\/en\/service\/migration-law\/\">Migration Law<\/a><\/li>\n\n          \n          <li><a href=\"https:\/\/marger.lt\/en\/service\/eu-law-representation-in-eu-institutions\/\">EU Law, Representation in EU Institutions<\/a><\/li>\n\n          \n        <\/ul>\n              <\/div>\n\n    <\/div>\n  <\/div>\n<\/div>\n\n\n\n\n\n\n\n<div class=\"inner-header inh image-left p-t-8 p-b-8 p-lr-2 title-center\" style=\"\">\n  <div class=\"container\">\n    <div class=\"child flx\">\n            <div class=\"section-title br-mob\">\n        \n          <div class=\"title\" style=\"\">Team<\/div>\n          \n                  \n         \n            <h2><div><b>We see opportunities<\/b><\/div>\n<div><b>in challenges.<\/b> <i>This <\/i><\/div>\n<div><i>approach brings us<\/i><\/div>\n<div><i>closer to victories.<\/i><\/div>\n<\/h2>\n          \n        \n                <div class=\"button-cont flx\">\n          <a href=\"https:\/\/marger.lt\/en\/team\/\" class=\"button\"><span>Meet our team<\/span><\/a>\n        <\/div>\n              <\/div>\n    <\/div>\n    <div class=\"child\">\n      <img loading=\"lazy\" decoding=\"async\" width=\"1622\" height=\"1994\" src=\"https:\/\/marger.lt\/wp-content\/uploads\/2022\/07\/marger00020.jpg\" class=\"sides\" alt=\"\" srcset=\"https:\/\/marger.lt\/wp-content\/uploads\/2022\/07\/marger00020.jpg 1622w, https:\/\/marger.lt\/wp-content\/uploads\/2022\/07\/marger00020-244x300.jpg 244w, https:\/\/marger.lt\/wp-content\/uploads\/2022\/07\/marger00020-833x1024.jpg 833w, https:\/\/marger.lt\/wp-content\/uploads\/2022\/07\/marger00020-768x944.jpg 768w, https:\/\/marger.lt\/wp-content\/uploads\/2022\/07\/marger00020-1249x1536.jpg 1249w\" sizes=\"auto, (max-width: 1622px) 100vw, 1622px\" \/>    <\/div>\n  <\/div>\n<\/div>\n\n\n\n\n<div class=\"spacer-picture\">\n  <img loading=\"lazy\" decoding=\"async\" width=\"538\" height=\"680\" src=\"https:\/\/marger.lt\/wp-content\/uploads\/2022\/09\/marger07788.jpg\" class=\"attachment-large size-large\" alt=\"\" srcset=\"https:\/\/marger.lt\/wp-content\/uploads\/2022\/09\/marger07788.jpg 538w, https:\/\/marger.lt\/wp-content\/uploads\/2022\/09\/marger07788-237x300.jpg 237w\" sizes=\"auto, (max-width: 538px) 100vw, 538px\" \/>  <div class=\"bg\"><\/div>\n<\/div>\n\n\n\n\n<div class=\"history-block\">\n  <div class=\"bg\"><\/div>\n  <div class=\"container\">\n    <div class=\"child\">\n      <div class=\"section-title\">\n        <div class=\"title\">ACHIEVEMENTS<\/div>        <h2 class=\"desktop\"><div class=\"uppercase\"><b>Historical victories <\/b><\/div>\n<div class=\"uppercase\"><b>and success <\/b><\/div>\n<div class=\"uppercase\"><i>stories<\/i><\/div>\n<\/h2>\n          <h2 class=\"mob\"><div class=\"uppercase\"><b>Historical <\/b><\/div>\n<div class=\"uppercase\"><b>victories <\/b><b>and <\/b><\/div>\n<div class=\"uppercase\"><b>success <\/b><i>stories<\/i><\/div>\n<\/h2>      <\/div>\n    <\/div>\n    <div class=\"child\">\n      <div class=\"history-tree flx\">\n                <div class=\"child\">\n          <div class=\"year\">2009<\/div>\n          <div class=\"title\">Our team defended the client&#8217;s interests in complex international litigation on ad hoc arbitration where the claim value exceeded <br>\u20ac 600 million and the counterclaim \u2013 \u20ac 140 million.<\/div>\n          <div class=\"client\"><\/div>\n        <\/div>\n                <div class=\"child\">\n          <div class=\"year\">2020<\/div>\n          <div class=\"title\">Our team defended the interests of the Republic of Lithuania in an international investment protection dispute worth \u20ac 62 million.<\/div>\n          <div class=\"client\"><\/div>\n        <\/div>\n                <div class=\"child\">\n          <div class=\"year\">2022<\/div>\n          <div class=\"title\">Our team successfully represented the interests of three judges in a high-profile corruption case.<\/div>\n          <div class=\"client\"><\/div>\n        <\/div>\n                <div class=\"child\">\n          <div class=\"year\">2022<\/div>\n          <div class=\"title\">Our team defended the interests of one of the largest real estate contractors in Northern Europe in a dispute over unfair claims of a minority shareholder and competitor worth \u20ac 15 million.<\/div>\n          <div class=\"client\"><\/div>\n        <\/div>\n                <div class=\"timeline\"><\/div>\n      <\/div>\n    <\/div>\n  <\/div>\n<\/div>\n\n\n\n\n\n<div class=\"feedback\">\n  <div class=\"container\">\n    \n    <div class=\"section-title\">\n        <div class=\"title\">Testimonials<\/div>        <h2 class=\"desktop\"><div class=\"uppercase\"><b>Thoughts of leaders<\/b><\/div>\n<div class=\"uppercase\"><i>about our team<\/i><\/div>\n<\/h2>\n          <h2 class=\"mob\"><div class=\"uppercase\"><b>Thoughts of <\/b><\/div>\n<div class=\"uppercase\"><b>leaders <\/b><i>about <\/i><\/div>\n<div class=\"uppercase\"><i>our team<\/i><\/div>\n<\/h2>      <\/div>\n    \n    <div class=\" slider owl-carousel owl-theme\">\n\n      \n        <div class=\"item flx\">\n          <p class=\"mob\">\u201eYou are Professionals with a capital P, guided in your activities by respect for people, their rights, and the rule of law.\u201c<\/p>\n         <img decoding=\"async\" src=\"https:\/\/marger.lt\/wp-content\/uploads\/2022\/08\/WhatsApp-Image-2022-06-10-at-1.09.47-PM-1.png\">          <div class=\"content\">\n            <p class=\"desktop\">\u201eYou are Professionals with a capital P, guided in your activities by respect for people, their rights, and the rule of law.\u201c<\/p>\n            <div class=\"author\">Prof. Habil. Dr. Vytautas Nekro\u0161ius<\/div>\n            <div class=\"position\">Vilnius University Faculty of Law<\/div>\n            <div class=\"button-cont\" style=\"display: none;\"><a class=\"more circleEfx\"><\/a><\/div>\n          <\/div>\n        <\/div>\n\n      \n        <div class=\"item flx\">\n          <p class=\"mob\">\u201eThe professionals at Marger Law Firm are legal erudites. I choose this description because, throughout our cooperation of more than three decades, in addition to professional and precise knowledge of the law, I have also received other business-oriented solutions. A deep understanding of both the industrial and construction sectors is a clear added value that Marger lawyers create. I am grateful for the partnership that allows us to achieve our goals together!\u201c<\/p>\n         <img decoding=\"async\" src=\"https:\/\/marger.lt\/wp-content\/uploads\/2022\/08\/MART1522-scaled-1.jpg\">          <div class=\"content\">\n            <p class=\"desktop\">\u201eThe professionals at Marger Law Firm are legal erudites. I choose this description because, throughout our cooperation of more than three decades, in addition to professional and precise knowledge of the law, I have also received other business-oriented solutions. A deep understanding of both the industrial and construction sectors is a clear added value that Marger lawyers create. I am grateful for the partnership that allows us to achieve our goals together!\u201c<\/p>\n            <div class=\"author\">Dalius Gedvilas<\/div>\n            <div class=\"position\">Vice President of the Lithuanian Confederation of Industrialists, President of the Lithuanian Construction Association<\/div>\n            <div class=\"button-cont\" style=\"display: none;\"><a class=\"more circleEfx\"><\/a><\/div>\n          <\/div>\n        <\/div>\n\n      \n    <\/div>\n  <\/div>\n<\/div>\n\n<script>\n  jQuery(document).ready(function(){\n    jQuery(\".owl-carousel\").owlCarousel({items: 1, navSpeed: 1000, nav: true, dots: false, mouseDrag: false, touchDrag: false, autoHeight: true});\n  });\n<\/script>\n\n\n\n\n\n\n  <style>\n    @media screen and (min-width: 800px) {\n      .news .table ul > li:hover a {\n        color: #c0b6ab      }\n      .news .table ul > li:hover:after {\n        border-color: #c0b6ab;\n        background-image: url(\"data:image\/svg+xml,%0A%3Csvg xmlns='http:\/\/www.w3.org\/2000\/svg' viewBox='0 0 27.7 19.3'%3E%3Cg transform='matrix(-1 0 0 -1 18.876 26.583)'%3E%3Cpath d='M18.3,16.8H-7.1' fill='none' stroke='%23c0b6ab'\/%3E%3Cpath d='M2 25.4l-.8.8-9.4-9.4 9.4-9.4.8.7-8 8v1.2h0l8 8.1z' fill='%23c0b6ab'\/%3E%3C\/g%3E%3C\/svg%3E\");\n      }\n    }\n  <\/style>\n\n<div class=\"news\" style=\"background-color:#c0b6ab;\">\n  <div class=\"container\">\n\n    <div class=\"section-title\">\n  <div class=\"title\" style=\"color:#ffffff;\">Insights<\/div> <h2><div class=\"uppercase\"><b>News and comments<\/b><\/div>\n<\/h2><\/div>\n    <div class=\"table single-table\">\n      <ul>\n        \n          <li>\n            <a href=\"https:\/\/marger.lt\/en\/insights\/the-bankruptcy-of-a-natural-person-why-dishonesty-is-important-when-you-face-financial-hardship-and-how-it-is-recognized-in-court-practice\/\" class=\"flx\" data-excerpt=\"The purpose of the Personal Bankruptcy Institute is to help a natural person get out of a difficult financial situation and help him return to life by restoring the person\u2019s economic capacity. In Lithuania, the bankruptcy institute of a natural person has been applied since 2013 March 1st, when the Law on Bankruptcy of Natural [&hellip;]\"><span class=\"title\">The bankruptcy of a natural person: why (dis)honesty is important when you face financial hardship and how it is recognized in court practice<\/span><span>Insights<\/span><span>2022.09.28<\/span><\/a>\n          <\/li>\n\n          \n          <li>\n            <a href=\"https:\/\/marger.lt\/en\/news\/marger-continues-to-grow-stronger\/\" class=\"flx\" data-excerpt=\"Marger continues to grow stronger &#8211; Laima Gerasi\u010dkinien\u0117, an experienced dispute resolution expert, joined the team. Laima has gained invaluable experience working as a judge of the Civil Cases Division of the Vilnius Regional Court. She has dealt with complex disputes arising from intellectual property, contractual relations, and has specialized in insolvency and public procurement. [&hellip;]\"><span class=\"title\">Marger continues to grow stronger<\/span><span>News<\/span><span>2021.03.26<\/span><\/a>\n          <\/li>\n\n          \n          <li>\n            <a href=\"https:\/\/marger.lt\/en\/insights\/delfi-comment-about-reform-of-bailiffs-by-ramunas-kontrauskas\/\" class=\"flx\" data-excerpt=\"Our partner&nbsp;Ram\u016bnas Kontrauskas&nbsp;comments&nbsp;reform of bailiffs in the leading Lithuanian portal DELFI. Find out more in Lithuanian&nbsp;here.\"><span class=\"title\">DELFI: comment about reform of bailiffs by Ram\u016bnas Kontrauskas<\/span><span>Insights<\/span><span>2020.11.23<\/span><\/a>\n          <\/li>\n\n          \n          <li>\n            <a href=\"https:\/\/marger.lt\/en\/news\/new-team-members\/\" class=\"flx\" data-excerpt=\"Marger is strengthening and expanding! Two experienced lawyers \u2013 Inga Liekien\u0117 and Laura Pug\u017elien\u0117 joined our team. Inga worked in the Vilnius regional court and JSC \u201cLithuanian Railways\u201d, where she acquired significant expertise in civil and administrative cases. Laura specialises in dispute resolution and insolvency. Her 15 years of professional experience Laura gained in Vilnius [&hellip;]\"><span class=\"title\">New team members<\/span><span>News<\/span><span>2020.11.15<\/span><\/a>\n          <\/li>\n\n          \n          <li>\n            <a href=\"https:\/\/marger.lt\/en\/achievements\/successfully-defended-rights-of-the-judge-of-the-supreme-court-of-lithuania\/\" class=\"flx\" data-excerpt=\"Marger team successfully defended the rights of the judge of the Supreme Court of Lithuania. The judge was dismissed from his office by the decisions of the Judicial Council, President, and Parliament after a resonant investigation where several judges and attorneys were suspected. The court of first instance upheld Marger team\u2018s arguments that, firstly, the [&hellip;]\"><span class=\"title\">Successfully defended rights of the judge of the Supreme Court of Lithuania<\/span><span>Achievements<\/span><span>2020.11.10<\/span><\/a>\n          <\/li>\n\n          \n          <li>\n            <a href=\"https:\/\/marger.lt\/en\/achievements\/victory-for-the-largest-water-management-company-in-lithuania\/\" class=\"flx\" data-excerpt=\"Attorneys-at-law&nbsp;Justas \u010cobotas&nbsp;and&nbsp;Vytautas Kaklys&nbsp;successfully represented the client, a leading water management company in Lithuania, in the Supreme Administrative Court of Lithuania. The ruling of the court: Supreme Administrative Court of Lithuania upheld the client\u2019s claim to annul the order of the Minister of the Environment imposing a fine of over 4 million EUR and returned the [&hellip;]\"><span class=\"title\">Victory for the largest water management company in Lithuania<\/span><span>Achievements<\/span><span>2020.10.29<\/span><\/a>\n          <\/li>\n\n          \n          <li>\n            <a href=\"https:\/\/marger.lt\/en\/insights\/duty-for-corporate-executives-to-apply-to-a-court-for-bankruptcy-returns\/\" class=\"flx\" data-excerpt=\"Most businesses have directly or indirectly experienced negative effects caused by the lockdown imposed in Lithuania. Examples of companies in the travel and catering industries having to halt their activities are ubiquitous not only abroad, but in our own country too. It cannot be ruled out that the growing number of such cases will be [&hellip;]\"><span class=\"title\">Duty for corporate executives to apply to a court for bankruptcy returns<\/span><span>Insights<\/span><span>2020.09.14<\/span><\/a>\n          <\/li>\n\n          \n      <\/ul>\n      <div class=\"table-excerpt\"><p><\/p><\/div>\n    <\/div>\n  <\/div>\n<\/div>\n\n\n\n\n","protected":false},"excerpt":{"rendered":"","protected":false},"author":3,"featured_media":0,"parent":0,"menu_order":0,"comment_status":"closed","ping_status":"closed","template":"","meta":{"inline_featured_image":false,"footnotes":""},"class_list":["post-1742","page","type-page","status-publish","hentry"],"acf":[],"_links":{"self":[{"href":"https:\/\/marger.lt\/en\/wp-json\/wp\/v2\/pages\/1742","targetHints":{"allow":["GET"]}}],"collection":[{"href":"https:\/\/marger.lt\/en\/wp-json\/wp\/v2\/pages"}],"about":[{"href":"https:\/\/marger.lt\/en\/wp-json\/wp\/v2\/types\/page"}],"author":[{"embeddable":true,"href":"https:\/\/marger.lt\/en\/wp-json\/wp\/v2\/users\/3"}],"replies":[{"embeddable":true,"href":"https:\/\/marger.lt\/en\/wp-json\/wp\/v2\/comments?post=1742"}],"version-history":[{"count":59,"href":"https:\/\/marger.lt\/en\/wp-json\/wp\/v2\/pages\/1742\/revisions"}],"predecessor-version":[{"id":3463,"href":"https:\/\/marger.lt\/en\/wp-json\/wp\/v2\/pages\/1742\/revisions\/3463"}],"wp:attachment":[{"href":"https:\/\/marger.lt\/en\/wp-json\/wp\/v2\/media?parent=1742"}],"curies":[{"name":"wp","href":"https:\/\/api.w.org\/{rel}","templated":true}]}}